{"id":41,"date":"2025-08-20T17:39:41","date_gmt":"2025-08-20T17:39:41","guid":{"rendered":"http:\/\/samatyadent.com\/?page_id=41"},"modified":"2026-02-07T14:24:55","modified_gmt":"2026-02-07T14:24:55","slug":"hakkimizda-2","status":"publish","type":"page","link":"http:\/\/samatyadent.com\/?page_id=41","title":{"rendered":"Hakk\u0131m\u0131zda"},"content":{"rendered":"\n<p><strong>Hakk\u0131m\u0131zda \u2013 Samatya Dent<\/strong><br><br><\/p>\n\n\n\n<div class=\"wp-block-cover is-light\"><img loading=\"lazy\" decoding=\"async\" width=\"768\" height=\"1024\" class=\"wp-block-cover__image-background wp-image-13 size-large\" alt=\"\" src=\"http:\/\/samatyadent.com\/wp-content\/uploads\/2025\/08\/WhatsApp-Image-2025-08-19-at-13.38.17-768x1024.jpeg\" data-object-fit=\"cover\" srcset=\"http:\/\/samatyadent.com\/wp-content\/uploads\/2025\/08\/WhatsApp-Image-2025-08-19-at-13.38.17-768x1024.jpeg 768w, http:\/\/samatyadent.com\/wp-content\/uploads\/2025\/08\/WhatsApp-Image-2025-08-19-at-13.38.17-225x300.jpeg 225w, http:\/\/samatyadent.com\/wp-content\/uploads\/2025\/08\/WhatsApp-Image-2025-08-19-at-13.38.17-1152x1536.jpeg 1152w, http:\/\/samatyadent.com\/wp-content\/uploads\/2025\/08\/WhatsApp-Image-2025-08-19-at-13.38.17.jpeg 1200w\" sizes=\"auto, (max-width: 768px) 100vw, 768px\" \/><span aria-hidden=\"true\" class=\"wp-block-cover__background has-background-dim\" style=\"background-color:#888986\"><\/span><div class=\"wp-block-cover__inner-container has-global-padding is-layout-constrained wp-block-cover-is-layout-constrained\">\n<p class=\"has-text-align-center has-large-font-size\"><\/p>\n<\/div><\/div>\n\n\n\n<p>Samatya Dent, \u0130stanbul\u2019un tarihi dokusunu modern di\u015f hekimli\u011fi ile bulu\u015fturan \u00f6zel bir kliniktir. Yedikule\u2019de, Bizans d\u00f6neminin en eski yap\u0131lar\u0131ndan biri olan Studios Manast\u0131r\u0131\u2019n\u0131n tam kar\u015f\u0131s\u0131nda konumlanan klini\u011fimiz, k\u00f6kl\u00fc ge\u00e7mi\u015fiyle dikkat \u00e7eker.<\/p>\n\n\n\n<p>Binas\u0131, bir zamanlar\u0131n Rum okulundan \u00f6zenle restore edilerek sa\u011fl\u0131k ve estetik i\u00e7in yeniden hayata kazand\u0131r\u0131lm\u0131\u015ft\u0131r. Bu tarihi atmosfer, hastalar\u0131m\u0131za yaln\u0131zca nitelikli bir tedavi de\u011fil, ayn\u0131 zamanda k\u00fclt\u00fcrel bir yolculuk da sunar.<\/p>\n\n\n\n<p>Samatya Dent\u2019te amac\u0131m\u0131z, di\u015f sa\u011fl\u0131\u011f\u0131n\u0131z\u0131 en ileri teknolojiler ve uzman kadromuzla g\u00fcvence alt\u0131na al\u0131rken, sizi \u0130stanbul\u2019un e\u015fsiz tarihinin bir par\u00e7as\u0131yla bulu\u015fturmakt\u0131r.<\/p>\n\n\n\n<div class=\"wp-block-group has-global-padding is-layout-constrained wp-block-group-is-layout-constrained\">\n<figure class=\"wp-block-gallery has-nested-images columns-default is-cropped wp-block-gallery-1 is-layout-flex wp-block-gallery-is-layout-flex\">\n<figure class=\"wp-block-image size-large\"><img loading=\"lazy\" decoding=\"async\" width=\"1024\" height=\"768\" data-id=\"89\" src=\"http:\/\/samatyadent.com\/wp-content\/uploads\/2025\/08\/530818162_122113680050955867_5804974389398932909_n-1024x768.jpg\" alt=\"\" class=\"wp-image-89\" srcset=\"http:\/\/samatyadent.com\/wp-content\/uploads\/2025\/08\/530818162_122113680050955867_5804974389398932909_n-1024x768.jpg 1024w, http:\/\/samatyadent.com\/wp-content\/uploads\/2025\/08\/530818162_122113680050955867_5804974389398932909_n-300x225.jpg 300w, http:\/\/samatyadent.com\/wp-content\/uploads\/2025\/08\/530818162_122113680050955867_5804974389398932909_n-768x576.jpg 768w, http:\/\/samatyadent.com\/wp-content\/uploads\/2025\/08\/530818162_122113680050955867_5804974389398932909_n-1536x1152.jpg 1536w, http:\/\/samatyadent.com\/wp-content\/uploads\/2025\/08\/530818162_122113680050955867_5804974389398932909_n.jpg 2048w\" sizes=\"auto, (max-width: 1024px) 100vw, 1024px\" \/><\/figure>\n<\/figure>\n<\/div>\n\n\n\n<h2 class=\"wp-block-heading\"><strong>About Us \u2013 Samatya Dent<\/strong><\/h2>\n\n\n\n<p>Samatya Dent is a unique dental clinic where Istanbul\u2019s rich historical heritage meets modern dentistry. Located in Yedikule, right across from the ancient Studios Monastery \u2013 one of the oldest Byzantine landmarks \u2013 our clinic carries a deep cultural significance.<\/p>\n\n\n\n<p>The building, once a Greek school, has been carefully restored and transformed into a place of health and aesthetics. Within this historic setting, we offer our patients not only high-quality dental care but also a cultural experience.<\/p>\n\n\n\n<p>At Samatya Dent, our mission is to safeguard your oral health with cutting-edge technology and expert care, while immersing you in the timeless spirit of Istanbul\u2019s history.<\/p>\n\n\n\n<p><\/p>\n\n\n\n<p><\/p>\n\n\n\n<h2 class=\"wp-block-heading\"><strong>Samatya Dent Misafir Alan\u0131<\/strong> &#8211; Samatya Dent Guest Area<\/h2>\n\n\n\n<p>At Samatya Dent, our priority is to transform every moment of your treatment process into a journey of comfort. This special space\u2014modernized with the historic texture of Samatya where we host our guests from afar\u2014is a reflection of the boutique service approach offered by our clinic. Every detail has been meticulously designed to ensure you feel right at home. <br><br>Samatya Dent\u2019te tedavi s\u00fcrecinizin her an\u0131n\u0131 bir konfor yolculu\u011funa d\u00f6n\u00fc\u015ft\u00fcrmek \u00f6nceli\u011fimiz. Uzak yoldan gelen dostlar\u0131m\u0131z\u0131 a\u011f\u0131rlad\u0131\u011f\u0131m\u0131z, Samatya\u2019n\u0131n tarihi dokusuyla modernize edilmi\u015f bu \u00f6zel alan, klini\u011fimizin sundu\u011fu butik hizmet anlay\u0131\u015f\u0131n\u0131n bir yans\u0131mas\u0131d\u0131r.<\/p>\n\n\n\n<figure class=\"wp-block-gallery has-nested-images columns-default is-cropped wp-block-gallery-2 is-layout-flex wp-block-gallery-is-layout-flex\">\n<figure class=\"wp-block-image size-large\"><img loading=\"lazy\" decoding=\"async\" width=\"720\" height=\"960\" data-id=\"137\" src=\"https:\/\/samatyadent.com\/wp-content\/uploads\/2026\/02\/1961e3f4-cb6c-4af5-af01-076c63322973.avif\" alt=\"\" class=\"wp-image-137\" srcset=\"http:\/\/samatyadent.com\/wp-content\/uploads\/2026\/02\/1961e3f4-cb6c-4af5-af01-076c63322973.avif 720w, http:\/\/samatyadent.com\/wp-content\/uploads\/2026\/02\/1961e3f4-cb6c-4af5-af01-076c63322973-225x300.avif 225w\" sizes=\"auto, (max-width: 720px) 100vw, 720px\" \/><\/figure>\n\n\n\n<figure class=\"wp-block-image size-large\"><img loading=\"lazy\" decoding=\"async\" width=\"1024\" height=\"768\" data-id=\"139\" src=\"https:\/\/samatyadent.com\/wp-content\/uploads\/2026\/02\/7d00dcd3-e75b-474e-beba-cef8e8d20c5d-1024x768.avif\" alt=\"\" class=\"wp-image-139\" srcset=\"http:\/\/samatyadent.com\/wp-content\/uploads\/2026\/02\/7d00dcd3-e75b-474e-beba-cef8e8d20c5d-1024x768.avif 1024w, http:\/\/samatyadent.com\/wp-content\/uploads\/2026\/02\/7d00dcd3-e75b-474e-beba-cef8e8d20c5d-300x225.avif 300w, http:\/\/samatyadent.com\/wp-content\/uploads\/2026\/02\/7d00dcd3-e75b-474e-beba-cef8e8d20c5d-768x576.avif 768w, http:\/\/samatyadent.com\/wp-content\/uploads\/2026\/02\/7d00dcd3-e75b-474e-beba-cef8e8d20c5d.avif 1280w\" sizes=\"auto, (max-width: 1024px) 100vw, 1024px\" \/><\/figure>\n\n\n\n<figure class=\"wp-block-image size-large\"><img loading=\"lazy\" decoding=\"async\" width=\"720\" height=\"960\" data-id=\"138\" src=\"https:\/\/samatyadent.com\/wp-content\/uploads\/2026\/02\/6da5388c-5235-41c1-b937-e1526125b4b8.avif\" alt=\"\" class=\"wp-image-138\" srcset=\"http:\/\/samatyadent.com\/wp-content\/uploads\/2026\/02\/6da5388c-5235-41c1-b937-e1526125b4b8.avif 720w, http:\/\/samatyadent.com\/wp-content\/uploads\/2026\/02\/6da5388c-5235-41c1-b937-e1526125b4b8-225x300.avif 225w\" sizes=\"auto, (max-width: 720px) 100vw, 720px\" \/><\/figure>\n<\/figure>\n\n\n\n<p><\/p>\n","protected":false},"excerpt":{"rendered":"<p>Hakk\u0131m\u0131zda \u2013 Samatya Dent Samatya Dent, \u0130stanbul\u2019un tarihi dokusunu modern di\u015f hekimli\u011fi ile bulu\u015fturan \u00f6zel bir kliniktir. Yedikule\u2019de, Bizans d\u00f6neminin en eski yap\u0131lar\u0131ndan biri olan Studios Manast\u0131r\u0131\u2019n\u0131n tam kar\u015f\u0131s\u0131nda konumlanan klini\u011fimiz, k\u00f6kl\u00fc ge\u00e7mi\u015fiyle dikkat \u00e7eker. Binas\u0131, bir zamanlar\u0131n Rum okulundan \u00f6zenle restore edilerek sa\u011fl\u0131k ve estetik i\u00e7in yeniden hayata kazand\u0131r\u0131lm\u0131\u015ft\u0131r. Bu tarihi atmosfer, hastalar\u0131m\u0131za yaln\u0131zca [&hellip;]<\/p>\n","protected":false},"author":1,"featured_media":0,"parent":0,"menu_order":0,"comment_status":"closed","ping_status":"closed","template":"","meta":{"footnotes":""},"class_list":["post-41","page","type-page","status-publish","hentry"],"_links":{"self":[{"href":"http:\/\/samatyadent.com\/index.php?rest_route=\/wp\/v2\/pages\/41","targetHints":{"allow":["GET"]}}],"collection":[{"href":"http:\/\/samatyadent.com\/index.php?rest_route=\/wp\/v2\/pages"}],"about":[{"href":"http:\/\/samatyadent.com\/index.php?rest_route=\/wp\/v2\/types\/page"}],"author":[{"embeddable":true,"href":"http:\/\/samatyadent.com\/index.php?rest_route=\/wp\/v2\/users\/1"}],"replies":[{"embeddable":true,"href":"http:\/\/samatyadent.com\/index.php?rest_route=%2Fwp%2Fv2%2Fcomments&post=41"}],"version-history":[{"count":5,"href":"http:\/\/samatyadent.com\/index.php?rest_route=\/wp\/v2\/pages\/41\/revisions"}],"predecessor-version":[{"id":140,"href":"http:\/\/samatyadent.com\/index.php?rest_route=\/wp\/v2\/pages\/41\/revisions\/140"}],"wp:attachment":[{"href":"http:\/\/samatyadent.com\/index.php?rest_route=%2Fwp%2Fv2%2Fmedia&parent=41"}],"curies":[{"name":"wp","href":"https:\/\/api.w.org\/{rel}","templated":true}]}}