{"id":45,"date":"2025-08-20T17:51:58","date_gmt":"2025-08-20T17:51:58","guid":{"rendered":"http:\/\/samatyadent.com\/?page_id=45"},"modified":"2026-01-16T12:41:14","modified_gmt":"2026-01-16T12:41:14","slug":"tedavilerimiz","status":"publish","type":"page","link":"http:\/\/samatyadent.com\/?page_id=45","title":{"rendered":"Tedavilerimiz"},"content":{"rendered":"\n<div class=\"wp-block-group has-global-padding is-layout-constrained wp-container-core-group-is-layout-a79be027 wp-block-group-is-layout-constrained\" style=\"padding-top:54px;padding-right:30px;padding-bottom:34px;padding-left:47px\">\n<div class=\"wp-block-group is-nowrap is-layout-flex wp-container-core-group-is-layout-6c531013 wp-block-group-is-layout-flex\">\n<div class=\"wp-block-group has-global-padding is-layout-constrained wp-block-group-is-layout-constrained\">\n<figure class=\"wp-block-image size-full is-resized\"><img decoding=\"async\" src=\"http:\/\/samatyadent.com\/wp-content\/themes\/toothwise\/images\/ser1.png\" alt=\"\" class=\"wp-image-71\" style=\"width:70px\"\/><\/figure>\n<\/div>\n<\/div>\n\n\n\n<div class=\"wp-block-group has-global-padding is-layout-constrained wp-block-group-is-layout-constrained\" style=\"margin-top:30px\">\n<p style=\"margin-top:12px;line-height:2\"><strong>Invisalign (\u015eeffaf Plak) Tedavisi<\/strong><br>Di\u015flerinizi metal braketler olmadan, neredeyse g\u00f6r\u00fcnmez bir \u015fekilde d\u00fczeltmek ister misiniz? Invisalign, ki\u015fiye \u00f6zel \u00fcretilen \u015feffaf plaklarla di\u015flerinizi konforlu, estetik ve kontroll\u00fc bir \u015fekilde hizalamay\u0131 sa\u011flayan modern bir ortodontik tedavidir.<\/p>\n\n\n\n<p>G\u00fcnl\u00fck ya\u015fam\u0131n\u0131z\u0131 etkilemeden \u00e7\u0131kar\u0131p tak\u0131labilir yap\u0131s\u0131 sayesinde yemek yerken, di\u015f f\u0131r\u00e7alarken ya da \u00f6zel anlarda \u00f6zg\u00fcrce hareket edebilirsiniz. Tedavi s\u00fcreci boyunca dijital \u00f6l\u00e7\u00fcmlerle ilerleme takip edilir ve her plak seti sizi hedeflenen g\u00fcl\u00fc\u015fe bir ad\u0131m daha yakla\u015ft\u0131r\u0131r.<\/p>\n\n\n\n<p style=\"margin-top:12px;line-height:2\">Daha estetik, daha konforlu ve daha \u00f6ng\u00f6r\u00fclebilir bir ortodontik \u00e7\u00f6z\u00fcm i\u00e7in Invisalign iyi bir alternatiftir.<br><br><strong>Invisalign (Clear Aligner) Treatment<\/strong><\/p>\n\n\n\n<p>Would you like to straighten your teeth without metal brackets, in a nearly invisible way? Invisalign is a modern orthodontic treatment that aligns your teeth comfortably, aesthetically, and in a controlled manner using custom-made clear aligners.<\/p>\n\n\n\n<p>Thanks to its removable design that doesn&#8217;t interfere with your daily life, you can eat, brush your teeth, or move freely during special occasions. Progress is tracked throughout the treatment process using digital measurements, and each set of aligners brings you one step closer to your desired smile.<\/p>\n\n\n\n<p>Invisalign is a great alternative for a more aesthetic, comfortable, and predictable orthodontic solution.<\/p>\n\n\n\n<p style=\"margin-top:12px;line-height:2\"><br><br><\/p>\n\n\n\n<div class=\"wp-block-group has-global-padding is-layout-constrained wp-container-core-group-is-layout-a79be027 wp-block-group-is-layout-constrained\" style=\"padding-top:54px;padding-right:30px;padding-bottom:34px;padding-left:47px\">\n<div class=\"wp-block-group is-nowrap is-layout-flex wp-container-core-group-is-layout-6c531013 wp-block-group-is-layout-flex\">\n<div class=\"wp-block-group has-global-padding is-layout-constrained wp-block-group-is-layout-constrained\">\n<figure class=\"wp-block-image size-full is-resized\"><img decoding=\"async\" src=\"http:\/\/samatyadent.com\/wp-content\/themes\/toothwise\/images\/ser2.png\" alt=\"\" class=\"wp-image-87\" style=\"width:70px\"\/><\/figure>\n<\/div>\n<\/div>\n\n\n\n<div class=\"wp-block-group has-global-padding is-layout-constrained wp-block-group-is-layout-constrained\" style=\"margin-top:30px\">\n<h4 class=\"wp-block-heading\">Kanal Tedavisi<\/h4>\n\n\n\n<p style=\"margin-top:12px;line-height:2\">Kanal tedavisi, di\u015fin i\u00e7 k\u0131sm\u0131nda yer alan ve iltihaplanan ya da zarar g\u00f6ren sinir dokusunun temizlenerek, di\u015fin sa\u011fl\u0131kl\u0131 bir \u015fekilde korunmas\u0131n\u0131 sa\u011flayan \u00f6zel bir tedavi y\u00f6ntemidir. \u00c7\u00fcr\u00fck, travma veya di\u015fte meydana gelen enfeksiyon nedeniyle uygulanan kanal tedavisi sayesinde, do\u011fal di\u015fler a\u011f\u0131zda uzun y\u0131llar boyunca i\u015flevini s\u00fcrd\u00fcrebilir.<\/p>\n\n\n\n<p style=\"margin-top:12px;line-height:2\">Samatya Dent\u2019te, ileri teknolojiler ve hassas uygulamalarla ger\u00e7ekle\u015ftirilen kanal tedavilerimiz sayesinde, hem a\u011fr\u0131s\u0131z bir deneyim sunuyor hem de di\u015finizi \u00e7ekimden kurtararak sa\u011fl\u0131kl\u0131 bir \u015fekilde ya\u015fam\u0131n\u0131za devam etmesini sa\u011fl\u0131yoruz.<br><br><strong>Root Canal Treatment (Endodontics)<\/strong><\/p>\n\n\n\n<p>Root canal treatment is a specialized procedure that preserves a natural tooth by removing infected or damaged nerve tissue from within the tooth. It is typically required due to deep decay, trauma, or infection. With root canal therapy, your natural tooth can continue to function for many years without the need for extraction.<\/p>\n\n\n\n<p style=\"margin-top:12px;line-height:2\">At Samatya Dent, our root canal treatments are performed with advanced technology and precision, ensuring a painless experience while saving your tooth and restoring it to full health.<\/p>\n<\/div>\n<\/div>\n\n\n\n<p style=\"margin-top:12px;line-height:2\"><\/p>\n\n\n\n<div class=\"wp-block-group has-global-padding is-layout-constrained wp-container-core-group-is-layout-a79be027 wp-block-group-is-layout-constrained\" style=\"padding-top:54px;padding-right:30px;padding-bottom:34px;padding-left:47px\">\n<div class=\"wp-block-group is-nowrap is-layout-flex wp-container-core-group-is-layout-6c531013 wp-block-group-is-layout-flex\">\n<div class=\"wp-block-group has-global-padding is-layout-constrained wp-block-group-is-layout-constrained\">\n<figure class=\"wp-block-image size-full is-resized\"><img decoding=\"async\" src=\"http:\/\/samatyadent.com\/wp-content\/themes\/toothwise\/images\/ser3.png\" alt=\"\" class=\"wp-image-88\" style=\"width:70px\"\/><\/figure>\n<\/div>\n<\/div>\n\n\n\n<div class=\"wp-block-group has-global-padding is-layout-constrained wp-block-group-is-layout-constrained\" style=\"margin-top:30px\">\n<h4 class=\"wp-block-heading\">Kozmetik Di\u015f Hekimli\u011fi<\/h4>\n\n\n\n<p style=\"margin-top:12px;line-height:2\"><strong>Kozmetik Di\u015f Hekimli\u011fi<\/strong><\/p>\n\n\n\n<p>Kozmetik di\u015f hekimli\u011fi, yaln\u0131zca a\u011f\u0131z ve di\u015f sa\u011fl\u0131\u011f\u0131n\u0131z\u0131 korumakla kalmaz, ayn\u0131 zamanda g\u00fcl\u00fc\u015f\u00fcn\u00fcz\u00fcn estetik g\u00f6r\u00fcn\u00fcm\u00fcn\u00fc de iyile\u015ftirmeyi hedefler. Di\u015f renginin a\u00e7\u0131lmas\u0131 (bleaching), porselen laminalar (lamine veneer), zirkonyum kaplamalar, bonding uygulamalar\u0131 ve di\u015f esteti\u011fini tamamlayan d\u00fczenlemeler sayesinde daha \u00f6zg\u00fcvenli bir g\u00fcl\u00fcmsemeye sahip olabilirsiniz.<\/p>\n\n\n\n<p>Samatya Dent\u2019te, do\u011fal ve estetik sonu\u00e7lar i\u00e7in ki\u015fiye \u00f6zel \u00e7\u00f6z\u00fcmler sunuyor; g\u00fcl\u00fc\u015f\u00fcn\u00fcz\u00fc y\u00fcz esteti\u011finizle uyumlu olacak \u015fekilde yeniden tasarl\u0131yoruz. Amac\u0131m\u0131z, hem sa\u011fl\u0131kl\u0131 hem de estetik a\u00e7\u0131dan m\u00fckemmel bir g\u00fcl\u00fcmseme yaratmakt\u0131r.<br><\/p>\n\n\n\n<h2 class=\"wp-block-heading\"><strong>Cosmetic Dentistry<\/strong><\/h2>\n\n\n\n<p>Cosmetic dentistry not only focuses on maintaining your oral health but also enhances the overall appearance of your smile. Treatments such as teeth whitening, porcelain veneers, zirconia crowns, bonding, and other aesthetic procedures can help you achieve a brighter, more confident smile.<\/p>\n\n\n\n<p style=\"margin-top:12px;line-height:2\">At Samatya Dent, we provide personalized cosmetic solutions tailored to your unique needs. Our goal is to design a natural, harmonious smile that complements your facial aesthetics\u2014offering you both health and beauty in one.<\/p>\n<\/div>\n<\/div>\n\n\n\n<p style=\"margin-top:12px;line-height:2\"><\/p>\n\n\n\n<div class=\"wp-block-group has-global-padding is-layout-constrained wp-container-core-group-is-layout-a79be027 wp-block-group-is-layout-constrained\" style=\"padding-top:54px;padding-right:30px;padding-bottom:34px;padding-left:47px\">\n<div class=\"wp-block-group is-nowrap is-layout-flex wp-container-core-group-is-layout-6c531013 wp-block-group-is-layout-flex\">\n<div class=\"wp-block-group has-global-padding is-layout-constrained wp-block-group-is-layout-constrained\">\n<figure class=\"wp-block-image size-full is-resized\"><img decoding=\"async\" src=\"http:\/\/samatyadent.com\/wp-content\/themes\/toothwise\/images\/ser4.png\" alt=\"\" class=\"wp-image-89\" style=\"width:70px\"\/><\/figure>\n<\/div>\n<\/div>\n\n\n\n<div class=\"wp-block-group has-global-padding is-layout-constrained wp-block-group-is-layout-constrained\" style=\"margin-top:30px\">\n<h4 class=\"wp-block-heading\">Di\u015f \u0130mplant\u0131<\/h4>\n\n\n\n<p style=\"margin-top:12px;line-height:2\">Di\u015f implant\u0131, kaybedilen di\u015flerin fonksiyon ve esteti\u011fini en do\u011fal \u015fekilde geri kazand\u0131ran modern bir tedavi y\u00f6ntemidir. \u00c7ene kemi\u011fine yerle\u015ftirilen titanyum vidalar, do\u011fal di\u015f k\u00f6k\u00fc i\u015flevi g\u00f6r\u00fcr ve \u00fczerine yap\u0131lan protezlerle kal\u0131c\u0131, sa\u011flam ve estetik bir \u00e7\u00f6z\u00fcm sunar.<\/p>\n\n\n\n<p style=\"margin-top:12px;line-height:2\">Samatya Dent olarak en b\u00fcy\u00fck avantajlar\u0131m\u0131zdan biri, <strong>klini\u011fimiz b\u00fcnyesinde kendi di\u015f laboratuvar\u0131m\u0131z\u0131n bulunmas\u0131d\u0131r<\/strong>. Bu sayede tedavi s\u00fcreci daha h\u0131zl\u0131, daha ki\u015fisel ve daha y\u00fcksek kalite standartlar\u0131yla ger\u00e7ekle\u015ftirilir. Hastalar\u0131m\u0131z, hem implant yerle\u015ftirme hem de protez a\u015famalar\u0131nda en k\u0131sa s\u00fcrede do\u011fal ve estetik g\u00fcl\u00fc\u015flerine kavu\u015fur.<br><br><strong>Dental Implants<\/strong><\/p>\n\n\n\n<p>Dental implants are the most advanced solution for replacing missing teeth, restoring both function and aesthetics with a natural look and feel. Titanium screws placed into the jawbone act as artificial tooth roots, providing a strong foundation for permanent, lifelike prosthetics.<\/p>\n\n\n\n<p style=\"margin-top:12px;line-height:2\">At Samatya Dent, one of our greatest advantages is having <strong>our own in-house dental laboratory<\/strong>. This allows us to ensure faster treatment times, fully customized results, and the highest quality standards. From implant placement to final restorations, our patients achieve healthy, functional, and naturally beautiful smiles in the shortest time possible.<\/p>\n<\/div>\n<\/div>\n\n\n\n<p style=\"margin-top:12px;line-height:2\"><\/p>\n\n\n\n<div class=\"wp-block-group has-global-padding is-layout-constrained wp-container-core-group-is-layout-a79be027 wp-block-group-is-layout-constrained\" style=\"padding-top:54px;padding-right:30px;padding-bottom:34px;padding-left:47px\">\n<div class=\"wp-block-group is-nowrap is-layout-flex wp-container-core-group-is-layout-6c531013 wp-block-group-is-layout-flex\">\n<div class=\"wp-block-group has-global-padding is-layout-constrained wp-block-group-is-layout-constrained\">\n<figure class=\"wp-block-image size-full is-resized\"><img decoding=\"async\" src=\"http:\/\/samatyadent.com\/wp-content\/themes\/toothwise\/images\/ser5.png\" alt=\"\" class=\"wp-image-90\" style=\"width:70px\"\/><\/figure>\n<\/div>\n<\/div>\n\n\n\n<div class=\"wp-block-group has-global-padding is-layout-constrained wp-block-group-is-layout-constrained\" style=\"margin-top:30px\">\n<h4 class=\"wp-block-heading\">\u00c7ocuk Di\u015f Hekimli\u011fi(Pedodonti)<\/h4>\n\n\n\n<p style=\"margin-top:12px;line-height:2\">\u00c7ocuk di\u015f hekimli\u011fi, bebeklikten ergenlik d\u00f6nemine kadar \u00e7ocuklar\u0131n a\u011f\u0131z ve di\u015f sa\u011fl\u0131\u011f\u0131n\u0131 korumay\u0131 ve geli\u015ftirmeyi ama\u00e7layan \u00f6zel bir di\u015f hekimli\u011fi dal\u0131d\u0131r. S\u00fct di\u015flerinin sa\u011fl\u0131\u011f\u0131, kal\u0131c\u0131 di\u015flerin d\u00fczg\u00fcn ve sa\u011fl\u0131kl\u0131 geli\u015fimi i\u00e7in b\u00fcy\u00fck \u00f6nem ta\u015f\u0131r.<\/p>\n\n\n\n<p>Samatya Dent\u2019te \u00e7ocuklara y\u00f6nelik di\u015f tedavilerinde, onlar\u0131n korkusuz ve rahat bir deneyim ya\u015famalar\u0131 i\u00e7in \u00f6zel bir yakla\u015f\u0131m benimsiyoruz. Dolgu, di\u015f \u00e7ekimi, fiss\u00fcr \u00f6rt\u00fcc\u00fc, flor uygulamalar\u0131 ve koruyucu tedavilerle \u00e7ocuklar\u0131n di\u015f sa\u011fl\u0131\u011f\u0131n\u0131 g\u00fcvence alt\u0131na al\u0131rken, ayn\u0131 zamanda d\u00fczenli di\u015f bak\u0131m\u0131 al\u0131\u015fkanl\u0131\u011f\u0131 kazanmalar\u0131na yard\u0131mc\u0131 oluyoruz.<\/p>\n\n\n\n<p style=\"margin-top:12px;line-height:2\">Amac\u0131m\u0131z, \u00e7ocuklar\u0131m\u0131z\u0131n sa\u011fl\u0131kl\u0131, mutlu ve \u00f6zg\u00fcvenli g\u00fcl\u00fc\u015flere sahip olmalar\u0131n\u0131 sa\u011flamakt\u0131r.<br><br><strong>Pediatric Dentistry<\/strong><\/p>\n\n\n\n<p>Pediatric dentistry focuses on protecting and improving the oral health of children from infancy through adolescence. The care of primary (baby) teeth is essential for the proper growth and alignment of permanent teeth.<\/p>\n\n\n\n<p>At Samatya Dent, we create a safe and comfortable environment for children, ensuring that their dental treatments are a positive and fear-free experience. With services such as fillings, extractions, sealants, fluoride applications, and preventive care, we safeguard children\u2019s oral health while also helping them build lifelong dental care habits.<\/p>\n\n\n\n<p style=\"margin-top:12px;line-height:2\">Our mission is to ensure that every child grows up with a healthy, confident, and happy smile.<\/p>\n<\/div>\n<\/div>\n\n\n\n<p style=\"margin-top:12px;line-height:2\"><\/p>\n\n\n\n<div class=\"wp-block-group has-global-padding is-layout-constrained wp-container-core-group-is-layout-a79be027 wp-block-group-is-layout-constrained\" style=\"padding-top:54px;padding-right:30px;padding-bottom:34px;padding-left:47px\">\n<div class=\"wp-block-group is-nowrap is-layout-flex wp-container-core-group-is-layout-6c531013 wp-block-group-is-layout-flex\">\n<div class=\"wp-block-group has-global-padding is-layout-constrained wp-block-group-is-layout-constrained\">\n<figure class=\"wp-block-image size-full is-resized\"><img decoding=\"async\" src=\"http:\/\/samatyadent.com\/wp-content\/themes\/toothwise\/images\/ser6.png\" alt=\"\" class=\"wp-image-91\" style=\"width:70px\"\/><\/figure>\n<\/div>\n<\/div>\n\n\n\n<div class=\"wp-block-group has-global-padding is-layout-constrained wp-block-group-is-layout-constrained\" style=\"margin-top:30px\">\n<h4 class=\"wp-block-heading\">Di\u015f Beyazlatma<\/h4>\n\n\n\n<p style=\"margin-top:12px;line-height:2\">Di\u015f beyazlatma, zamanla kahve, \u00e7ay, sigara ve benzeri etkenlerle renk de\u011fi\u015ftiren di\u015flerin do\u011fal beyazl\u0131\u011f\u0131na kavu\u015fmas\u0131n\u0131 sa\u011flayan estetik bir di\u015f hekimli\u011fi uygulamas\u0131d\u0131r. G\u00fcvenli y\u00f6ntemlerle yap\u0131lan beyazlatma i\u015flemleri, di\u015f minesine zarar vermeden daha parlak, sa\u011fl\u0131kl\u0131 ve estetik bir g\u00fcl\u00fc\u015f sunar.<\/p>\n\n\n\n<p style=\"margin-top:12px;line-height:2\">Samatya Dent\u2019te uygulanan profesyonel di\u015f beyazlatma y\u00f6ntemleriyle k\u0131sa s\u00fcrede etkili sonu\u00e7lar elde edilir. Uzman hekimlerimiz taraf\u0131ndan ki\u015fiye \u00f6zel planlanan tedaviler sayesinde, g\u00fcl\u00fc\u015f\u00fcn\u00fcz do\u011fal ve kal\u0131c\u0131 bir \u015fekilde yenilenir.<br><br><strong>Teeth Whitening (Bleaching)<\/strong><\/p>\n\n\n\n<p>Teeth whitening is a cosmetic dental treatment that restores the natural brightness of teeth affected by staining from coffee, tea, smoking, and other factors. When performed with safe and professional methods, whitening enhances your smile\u2019s aesthetics without harming the enamel.<\/p>\n\n\n\n<p style=\"margin-top:12px;line-height:2\">At Samatya Dent, we provide professional teeth whitening treatments that deliver fast and effective results. Our customized approach, carried out by experienced dentists, ensures a naturally radiant smile that lasts.<\/p>\n<\/div>\n<\/div>\n\n\n\n<p style=\"margin-top:12px;line-height:2\"><\/p>\n<\/div>\n<\/div>\n\n\n\n<p><br><br><br><br><br><br><br><br><sup>Banka Hesap Numaras\u0131<br>\u200eYap\u0131 Kredi Bankas\u0131<br>\u200e<strong>TR900006701000000081734170<\/strong><br>\u200eCem \u00d6zkartal<\/sup><\/p>\n\n\n\n<p><\/p>\n","protected":false},"excerpt":{"rendered":"<p>Invisalign (\u015eeffaf Plak) TedavisiDi\u015flerinizi metal braketler olmadan, neredeyse g\u00f6r\u00fcnmez bir \u015fekilde d\u00fczeltmek ister misiniz? Invisalign, ki\u015fiye \u00f6zel \u00fcretilen \u015feffaf plaklarla di\u015flerinizi konforlu, estetik ve kontroll\u00fc bir \u015fekilde hizalamay\u0131 sa\u011flayan modern bir ortodontik tedavidir. G\u00fcnl\u00fck ya\u015fam\u0131n\u0131z\u0131 etkilemeden \u00e7\u0131kar\u0131p tak\u0131labilir yap\u0131s\u0131 sayesinde yemek yerken, di\u015f f\u0131r\u00e7alarken ya da \u00f6zel anlarda \u00f6zg\u00fcrce hareket edebilirsiniz. Tedavi s\u00fcreci boyunca dijital [&hellip;]<\/p>\n","protected":false},"author":1,"featured_media":0,"parent":0,"menu_order":0,"comment_status":"closed","ping_status":"closed","template":"","meta":{"footnotes":""},"class_list":["post-45","page","type-page","status-publish","hentry"],"_links":{"self":[{"href":"http:\/\/samatyadent.com\/index.php?rest_route=\/wp\/v2\/pages\/45","targetHints":{"allow":["GET"]}}],"collection":[{"href":"http:\/\/samatyadent.com\/index.php?rest_route=\/wp\/v2\/pages"}],"about":[{"href":"http:\/\/samatyadent.com\/index.php?rest_route=\/wp\/v2\/types\/page"}],"author":[{"embeddable":true,"href":"http:\/\/samatyadent.com\/index.php?rest_route=\/wp\/v2\/users\/1"}],"replies":[{"embeddable":true,"href":"http:\/\/samatyadent.com\/index.php?rest_route=%2Fwp%2Fv2%2Fcomments&post=45"}],"version-history":[{"count":9,"href":"http:\/\/samatyadent.com\/index.php?rest_route=\/wp\/v2\/pages\/45\/revisions"}],"predecessor-version":[{"id":126,"href":"http:\/\/samatyadent.com\/index.php?rest_route=\/wp\/v2\/pages\/45\/revisions\/126"}],"wp:attachment":[{"href":"http:\/\/samatyadent.com\/index.php?rest_route=%2Fwp%2Fv2%2Fmedia&parent=45"}],"curies":[{"name":"wp","href":"https:\/\/api.w.org\/{rel}","templated":true}]}}